{"id":2835,"date":"2016-12-02T11:05:35","date_gmt":"2016-12-02T13:05:35","guid":{"rendered":"http:\/\/prupeprabrincar.com.br\/site\/?page_id=2835"},"modified":"2021-05-28T11:36:58","modified_gmt":"2021-05-28T14:36:58","slug":"atividades","status":"publish","type":"page","link":"http:\/\/prupeprabrincar.com.br\/site\/atividades\/","title":{"rendered":"Nossas Atividades"},"content":{"rendered":"<p>[vc_row full_width=&#8221;1&#8243; css=&#8221;.vc_custom_1486468439436{margin-right: 100px !important;padding-top: 50px !important;padding-bottom: 50px !important;background-color: #ffffff !important;}&#8221;][vc_column width=&#8221;1\/2&#8243;][vc_single_image image=&#8221;3130&#8243; img_size=&#8221;356&#215;379&#8243; alignment=&#8221;center&#8221;][\/vc_column][vc_column width=&#8221;1\/2&#8243;][vc_custom_heading text=&#8221;BRINCAR LIVRE&#8221; use_theme_fonts=&#8221;yes&#8221;][vc_column_text]<\/p>\n<p style=\"text-align: justify;\">O Brincar Livre permite que crian\u00e7as de 6 meses a 6 anos participem dos espa\u00e7os Faz de Conta, Explorat\u00f3rio e Quintal. H\u00e1 intera\u00e7\u00e3o em diversas atividades, aproveitando o local e os recursos oferecidos, como arte, conta\u00e7\u00e3o de hist\u00f3rias, caixa de areia, hortinhas, instala\u00e7\u00f5es sens\u00f3rias, pinturas no azulejo e muito mais!<\/p>\n<p><span style=\"font-weight: 400;\">\u00a0<\/span><\/p>\n<p style=\"text-align: justify;\">O espa\u00e7o explorat\u00f3rio foi pensando para as brincadeiras dos beb\u00eas e planejado com todo cuidado que eles precisam. No Brincar Livre n\u00e3o precisa ligar para marcar, \u00e9 s\u00f3 chegar e se soltar!<\/p>\n<p>[\/vc_column_text][\/vc_column][\/vc_row][vc_row full_width=&#8221;1&#8243; css=&#8221;.vc_custom_1486468785581{margin-right: 100px !important;padding-top: 50px !important;padding-bottom: 50px !important;background-color: #ffffff !important;}&#8221;][vc_column width=&#8221;1\/2&#8243; css=&#8221;.vc_custom_1486468663312{border-right-width: 50px !important;}&#8221;][vc_single_image image=&#8221;2985&#8243; img_size=&#8221;356&#215;379&#8243; alignment=&#8221;center&#8221; css=&#8221;.vc_custom_1485542817514{margin-top: 10px !important;border-bottom-width: 20px !important;}&#8221;][vc_separator][vc_single_image image=&#8221;2986&#8243; img_size=&#8221;356&#215;379&#8243; alignment=&#8221;center&#8221;][\/vc_column][vc_column width=&#8221;1\/2&#8243;][vc_column_text]<\/p>\n<h1><span style=\"color: #67c1ba;\">PARA BEBES (6m a 3 anos):<br \/>\n<\/span><\/h1>\n<p>[\/vc_column_text][vc_column_text]No espa\u00e7o Desenvolver s\u00e3o oferecidas oficinas especializadas para os bebes, que favorecem o desenvolvimento global, visando a individualidade de cada um e respeitando os limites, interesses e tempo das crian\u00e7as, estimulando a arte, cultura e corpo.<\/p>\n<p><b style=\"text-align: left; font-size: 18px; line-height: 18px; font-weight: bold;\"><span style=\"color: #eb5e65;\">Corpo e Movimento:<\/span><\/b><span style=\"font-weight: 400;\"><br \/>\n<\/span><\/p>\n<p style=\"text-align: justify;\">\u00a0A crian\u00e7a, al\u00e9m de se perceber, perceber\u00e1 os seres e o universo que lhe cerca. H\u00e1 o desenvolvimento da personalidade em virtude de uma progressiva tomada de consci\u00eancia do seu pr\u00f3prio corpo, das suas possibilidades de agir e de transformar o mundo \u00e0 sua volta. \u00c9 de grande import\u00e2ncia para as atividades funcionais do dia a dia.<\/p>\n<p><b style=\"text-align: left; font-size: 18px; line-height: 18px; font-weight: bold;\"><span style=\"color: #eb5e65;\">Tintas Naturais:<\/span><\/b><span style=\"font-weight: 400;\"><br \/>\n<\/span><\/p>\n<p style=\"text-align: justify;\">\u00a0S\u00e3o elaboradas com subst\u00e2ncias naturais, o que possibilita o toque, o contato com o corpo, fazendo com que a crian\u00e7a sinta as diferentes texturas, bem como enxergue, identifique e sinta diversas cores, cheiros e sabores.<\/p>\n<p><b style=\"text-align: left; font-size: 18px; line-height: 18px; font-weight: bold;\"><span style=\"color: #eb5e65;\">Explora\u00e7\u00e3o Sensorial:<\/span><\/b><span style=\"font-weight: 400;\"><br \/>\n<\/span><\/p>\n<p style=\"text-align: justify;\">\u00a0Experi\u00eancias sensoriais com os mais diversos objetos, especialmente os mais comuns, por\u00e9m, nem sempre explorados ludicamente. A crian\u00e7a entra em contato com o ambiente, utiliza seu corpo, sente emo\u00e7\u00f5es e \u00e9 desafiada. O uso de objetos familiares e brinquedos proporcionam explora\u00e7\u00e3o do meio, al\u00e9m do desenvolvimento e oportunidade de aprendizado.<\/p>\n<p><b style=\"text-align: left; font-size: 18px; line-height: 18px; font-weight: bold;\"><span style=\"color: #eb5e65;\">Musicaliza\u00e7\u00e3o:<\/span><\/b><span style=\"font-weight: 400;\"><br \/>\n<\/span><\/p>\n<p style=\"text-align: justify;\">\u00a0Parte do desenvolvimento da crian\u00e7a com a m\u00fasica passa pelo contato com o instrumento, por isso \u00e9 importante ela se sentir livre para expressar sua concep\u00e7\u00e3o sobre o ritmo com seu corpo, da sua maneira, seja ela dan\u00e7ando, correndo, pulando, cantando, tocando.<\/p>\n<p>\u00a0[\/vc_column_text][\/vc_column][\/vc_row][vc_row full_width=&#8221;1&#8243; css=&#8221;.vc_custom_1486468869938{margin-right: 100px !important;padding-top: 50px !important;padding-bottom: 50px !important;background-color: #ffffff !important;}&#8221;][vc_column width=&#8221;1\/2&#8243;][vc_single_image image=&#8221;3131&#8243; img_size=&#8221;356&#215;379&#8243; alignment=&#8221;center&#8221;][vc_separator][vc_single_image image=&#8221;3133&#8243; img_size=&#8221;356&#215;379&#8243; alignment=&#8221;center&#8221;][\/vc_column][vc_column width=&#8221;1\/2&#8243;][vc_column_text]<\/p>\n<h2><span style=\"color: #c6d43e;\">PARA CRIAN\u00c7AS (3 anos a 6 anos):<\/span><\/h2>\n<p>[\/vc_column_text][vc_column_text]<b style=\"text-align: left; font-size: 18px; line-height: 18px; font-weight: bold;\"><span style=\"color: #eb5e65;\">Oficinas de arte, atividade de Yoga, Teatro, Culin\u00e1ria.<\/span><\/b><\/p>\n<p><span style=\"font-weight: 400;\">\u00a0<\/span>As artes pl\u00e1sticas e os trabalhos manuais s\u00e3o atividades que fazem parte da rotina das crian\u00e7as, a crian\u00e7a precisa ser conscientizada do valor das suas m\u00e3os, pois tendo o conhecimento das atividades manuais se tornam mais confiante, evolui a sua maturidade f\u00edsica, a flexibilidade dos pensamentos, a concentra\u00e7\u00e3o, a sensibilidade e o seu equil\u00edbrio emocional.<\/p>\n<p><span style=\"font-weight: 400;\">\u00a0<\/span><\/p>\n<p style=\"text-align: justify;\">Com as atividades manuais, as crian\u00e7as participam da pr\u00f3pria cria\u00e7\u00e3o, de cada etapa do processo: in\u00edcio, meio e fim, visualizando a conclus\u00e3o da obra, faz com que a crian\u00e7a se fortale\u00e7a, trabalhe a coordena\u00e7\u00e3o motora e fique mais centrada. \u00c9 preciso de uma consci\u00eancia sens\u00edvel dos movimentos das m\u00e3os e dos dedos, a sensibilidade da profundidade, criando uma representa\u00e7\u00e3o mental do movimento, controlado pela seq\u00fc\u00eancia de movimentos com os olhos, exercitando a concentra\u00e7\u00e3o e a observa\u00e7\u00e3o.<\/p>\n<p>&nbsp;[\/vc_column_text][\/vc_column][\/vc_row][vc_row full_width=&#8221;1&#8243; css=&#8221;.vc_custom_1486468869938{margin-right: 100px !important;padding-top: 50px !important;padding-bottom: 50px !important;background-color: #ffffff !important;}&#8221;][vc_column width=&#8221;1\/2&#8243;][vc_single_image image=&#8221;3159&#8243; img_size=&#8221;356&#215;379&#8243; alignment=&#8221;center&#8221;][vc_separator][vc_single_image image=&#8221;3160&#8243; img_size=&#8221;356&#215;379&#8243; alignment=&#8221;center&#8221;][\/vc_column][vc_column width=&#8221;1\/2&#8243; css=&#8221;.vc_custom_1622212611677{padding-top: 190px !important;}&#8221;][vc_column_text]<\/p>\n<h2><span style=\"color: #800080;\">Anivers\u00e1rios:<\/span><\/h2>\n<p>[\/vc_column_text][vc_column_text]<strong style=\"color: #eb5e65;\">A vida tem que ser comemorada!<\/strong><\/p>\n<p>Aqui, n\u00f3s pensamos junto com as fam\u00edlias um momento para ficar na mem\u00f3ria afetiva. Um dia para celebrar com pessoas especiais, muitas brincadeiras e novas experi\u00eancias.<\/p>\n<p>Oficinas podem ser inclu\u00eddas de acordo com a faixa et\u00e1ria das crian\u00e7as.<\/p>\n<p>Uma festa envolvendo alegria e amor em cada detalhe.<br \/>\nEntre em contato com a gente para saber maiores informa\u00e7\u00f5es.<br \/>\n<strong>Contato: (85) 997427313<\/strong>[\/vc_column_text][\/vc_column][\/vc_row][vc_row full_width=&#8221;1&#8243; css=&#8221;.vc_custom_1486468887875{margin-right: 100px !important;padding-top: 50px !important;padding-bottom: 50px !important;background-color: #ffffff !important;}&#8221;][vc_column width=&#8221;1\/2&#8243;][vc_single_image image=&#8221;3132&#8243; img_size=&#8221;356&#215;379&#8243; alignment=&#8221;center&#8221;][\/vc_column][vc_column width=&#8221;1\/2&#8243;][vc_column_text]<\/p>\n<h1><span style=\"color: #8d6742;\">Para Adultos<\/span><\/h1>\n<p>[\/vc_column_text][vc_column_text]<span style=\"font-weight: 400;\">\u00a0<\/span><\/p>\n<p style=\"text-align: justify;\">Cuidando de quem cuida. Espa\u00e7o de escuta e acolhimento para fam\u00edlias, acompanhantes e cuidadores. Local de di\u00e1logo, rodas de conversas, palestras, workshops com convidados especiais para abordagem de temas sobre a primeira inf\u00e2ncia. Encontro para aprimorar o que nunca deixaremos de ser.<\/p>\n<p>\u00a0[\/vc_column_text][\/vc_column][\/vc_row]<\/p>\n","protected":false},"excerpt":{"rendered":"<p>[vc_row full_width=&#8221;1&#8243; css=&#8221;.vc_custom_1486468439436{margin-right: 100px !important;padding-top: 50px !important;padding-bottom: 50px !important;background-color: #ffffff !important;}&#8221;][vc_column width=&#8221;1\/2&#8243;][vc_single_image image=&#8221;3130&#8243; img_size=&#8221;356&#215;379&#8243; alignment=&#8221;center&#8221;][\/vc_column][vc_column width=&#8221;1\/2&#8243;][vc_custom_heading text=&#8221;BRINCAR LIVRE&#8221; use_theme_fonts=&#8221;yes&#8221;][vc_column_text] O Brincar Livre permite que crian\u00e7as de 6 meses a 6 anos participem dos espa\u00e7os Faz de Conta, Explorat\u00f3rio e Quintal. H\u00e1 intera\u00e7\u00e3o em diversas atividades, aproveitando o local e os recursos oferecidos, como arte, conta\u00e7\u00e3o [&hellip;]<\/p>\n","protected":false},"author":1,"featured_media":0,"parent":0,"menu_order":0,"comment_status":"closed","ping_status":"closed","template":"","meta":[],"_links":{"self":[{"href":"http:\/\/prupeprabrincar.com.br\/site\/wp-json\/wp\/v2\/pages\/2835"}],"collection":[{"href":"http:\/\/prupeprabrincar.com.br\/site\/wp-json\/wp\/v2\/pages"}],"about":[{"href":"http:\/\/prupeprabrincar.com.br\/site\/wp-json\/wp\/v2\/types\/page"}],"author":[{"embeddable":true,"href":"http:\/\/prupeprabrincar.com.br\/site\/wp-json\/wp\/v2\/users\/1"}],"replies":[{"embeddable":true,"href":"http:\/\/prupeprabrincar.com.br\/site\/wp-json\/wp\/v2\/comments?post=2835"}],"version-history":[{"count":64,"href":"http:\/\/prupeprabrincar.com.br\/site\/wp-json\/wp\/v2\/pages\/2835\/revisions"}],"predecessor-version":[{"id":3167,"href":"http:\/\/prupeprabrincar.com.br\/site\/wp-json\/wp\/v2\/pages\/2835\/revisions\/3167"}],"wp:attachment":[{"href":"http:\/\/prupeprabrincar.com.br\/site\/wp-json\/wp\/v2\/media?parent=2835"}],"curies":[{"name":"wp","href":"https:\/\/api.w.org\/{rel}","templated":true}]}}