{"id":3114,"date":"2019-04-12T16:29:36","date_gmt":"2019-04-12T19:29:36","guid":{"rendered":"http:\/\/prupeprabrincar.com.br\/site\/?page_id=3114"},"modified":"2021-05-28T11:46:41","modified_gmt":"2021-05-28T14:46:41","slug":"projetos","status":"publish","type":"page","link":"http:\/\/prupeprabrincar.com.br\/site\/projetos\/","title":{"rendered":"Projetos"},"content":{"rendered":"<p>[vc_row][vc_column width=&#8221;1\/2&#8243;][vc_column_text]<\/p>\n<h2><strong><span style=\"color: #eb5e65;\">Ser Afeto<\/span><\/strong><\/h2>\n<p><strong style=\"color: #eb5e65;\">Pra quem?<\/strong><\/p>\n<ul>\n<li>Para beb\u00eas de 6 a 12 meses<\/li>\n<\/ul>\n<p><strong style=\"color: #eb5e65;\">O que \u00e9 o Projeto Ser Afeto?<\/strong><\/p>\n<p>Um projeto que visa trazer questionamentos sobre a rela\u00e7\u00e3o cuidador e beb\u00ea, com o intuito de proporcionar uma rela\u00e7\u00e3o de confian\u00e7a, desenvolvimento e autonomia. E para isso partimos dos seguintes questionamentos: Como podemos nos tornar cuidadores mais sens\u00edveis em um per\u00edodo onde a linguagem verbal ainda n\u00e3o est\u00e1 estabelecida? Que tipo de experi\u00eancias desejamos proporcionar ao nossos filhos neste per\u00edodo t\u00e3o singular?<br \/>\nJuntos, refletiremos e vivenciaremos a import\u00e2ncia de um olhar sens\u00edvel, respeitando o desenvolvimento individual de cada crian\u00e7a, com observa\u00e7\u00e3o atenta a liberdade do movimento, condi\u00e7\u00e3o essencial para forma\u00e7\u00e3o ps\u00edquica da crian\u00e7a.<\/p>\n<p><strong style=\"color: #eb5e65;\">O que oferecemos?<\/strong><\/p>\n<ul>\n<li>Planejamento dos espa\u00e7os de brincar e atividades, com o intuito de estruturar o ambiente combinado as necessidades e interesse das crian\u00e7as;<\/li>\n<li>Fortalecimento de vinculo, desenvolvimento da autonomia e da motricidade livre;<\/li>\n<li>Orienta\u00e7\u00e3o sobre as fases de desenvolvimento ao cuidador;<\/li>\n<li>Espa\u00e7o de trocas de experi\u00eancias.<\/li>\n<\/ul>\n<p><strong style=\"color: #eb5e65;\">Como ocorre?<\/strong><\/p>\n<ul>\n<li>2 vezes na semana;<\/li>\n<li>Turno: manh\u00e3.<\/li>\n<\/ul>\n<p>&nbsp;<\/p>\n<h2><strong><span style=\"color: #eb5e65;\">Ser e descobrir<\/span><\/strong><\/h2>\n<p><strong style=\"color: #eb5e65;\">Para quem?<\/strong><\/p>\n<ul>\n<li><span style=\"font-weight: 400;\">Para beb\u00eas de 12 a 36 meses<\/span><\/li>\n<\/ul>\n<p><strong style=\"color: #eb5e65;\">O que \u00e9 o projeto ser e descobrir?<\/strong><\/p>\n<p><span style=\"font-weight: 400;\">O programa acontece todos os dias, com intuito de atender crian\u00e7as na pr\u00e9 escola e no contra turno escola, com um olhar especializado na primeira inf\u00e2ncia e um s\u00f3lido embasamento te\u00f3rico-metodol\u00f3gico. Promovemos a integra\u00e7\u00e3o das \u00e1reas de conhecimento, valorizando os saberes pr\u00e9vios das crian\u00e7as e a aquisi\u00e7\u00e3o de aprendizagens significativas, assim como oferecemos est\u00edmulos adequados para a fase do desenvolvimento de cada crian\u00e7a, respeitando e potencializando sua individualidade e suas compet\u00eancias. <\/span><\/p>\n<p><span style=\"font-weight: 400;\">O espa\u00e7o reconhece as potencialidades de cada crian\u00e7a, onde ela \u00e9 observada e atendida em sua individualidade de forma segura para que possam sentir e descobrir o mundo ao seu redor, acompanhados de profissionais especializados. Trabalhamos a import\u00e2ncia da arte, natureza, corpo, m\u00fasica, cultura, experi\u00eancias sensoriais, como forma de express\u00e3o e descoberta da inf\u00e2ncia. Respeitamos o brincar, o afeto, a autonomia, o tempo, o v\u00ednculo e a independ\u00eancia de que ela necessita para se desenvolver em plenitude. <\/span><\/p>\n<p><strong style=\"color: #eb5e65;\">O que oferecemos?<\/strong><\/p>\n<ul>\n<li style=\"font-weight: 400;\"><span style=\"font-weight: 400;\">Turma com no m\u00e1ximo oito crian\u00e7as;<\/span><\/li>\n<li style=\"font-weight: 400;\"><span style=\"font-weight: 400;\">Tr\u00eas tutoras respons\u00e1veis e uma Coordenadora Ativa;<\/span><\/li>\n<li style=\"font-weight: 400;\"><span style=\"font-weight: 400;\">Planejamento semanal;<\/span><\/li>\n<li style=\"font-weight: 400;\"><span style=\"font-weight: 400;\">Realiza\u00e7\u00e3o de uma oficina por dia;<\/span><\/li>\n<li style=\"font-weight: 400;\"><span style=\"font-weight: 400;\">Brincar Livre e atividades propostas que estimulam autonomia, criatividade e o desenvolvimento integral;<\/span><\/li>\n<li style=\"font-weight: 400;\"><span style=\"font-weight: 400;\">Relat\u00f3rio semestral.<\/span><\/li>\n<\/ul>\n<p><strong style=\"color: #eb5e65;\">Como ocorre?<\/strong><\/p>\n<ul>\n<li style=\"font-weight: 400;\"><span style=\"font-weight: 400;\">2 a 5 vezes na semana;<\/span><\/li>\n<li style=\"font-weight: 400;\"><span style=\"font-weight: 400;\">Turnos: manh\u00e3 ou tarde.<\/span><\/li>\n<\/ul>\n<p>&nbsp;<\/p>\n<h2><strong><span style=\"color: #eb5e65;\">Ser Crian\u00e7a<\/span><\/strong><\/h2>\n<p><strong style=\"color: #eb5e65;\">Pra quem?<\/strong><\/p>\n<ul>\n<li>Para crian\u00e7as de 3 a 6 anos<\/li>\n<\/ul>\n<p><strong style=\"color: #eb5e65;\">O que \u00e9 o Projeto Ser Afeto?<\/strong><\/p>\n<p>Um projeto pensado para a crian\u00e7a ser crian\u00e7a, brincar, usar o corpo, construir e descobrir suas potencialidades. O objetivo \u00e9 incentivar a autonomia, a curiosidade, a vontade e o desejo de ser e aprender brincando. Para n\u00f3s o brincar \u00e9 algo s\u00e9rio que tem que ser vivenciado e respeitado!<\/p>\n<p><strong style=\"color: #eb5e65;\">O que oferecemos?<\/strong><\/p>\n<ul>\n<li>Turma com 14 crian\u00e7as;<\/li>\n<li>Ambiente seguro, acolhedor onde ele possa adquirir novas habilidades e conhecimentos;<\/li>\n<li>Brincar livre e atividades propostas que estimulam a autonomia, criatividade e desenvolvimento integral.<\/li>\n<\/ul>\n<p>&nbsp;<\/p>\n<ul>\n<li><strong style=\"color: #eb5e65;\">Como ocorre?<\/strong><\/li>\n<li>2 a 5 vezes na semana;<\/li>\n<li>Turno: tarde.<\/li>\n<\/ul>\n<p>&nbsp;[\/vc_column_text][\/vc_column][vc_column width=&#8221;1\/2&#8243;][vc_single_image image=&#8221;3037&#8243; img_size=&#8221;full&#8221;][\/vc_column][\/vc_row]<\/p>\n","protected":false},"excerpt":{"rendered":"<p>[vc_row][vc_column width=&#8221;1\/2&#8243;][vc_column_text] Ser Afeto Pra quem? Para beb\u00eas de 6 a 12 meses O que \u00e9 o Projeto Ser Afeto? Um projeto que visa trazer questionamentos sobre a rela\u00e7\u00e3o cuidador e beb\u00ea, com o intuito de proporcionar uma rela\u00e7\u00e3o de confian\u00e7a, desenvolvimento e autonomia. E para isso partimos dos seguintes questionamentos: Como podemos nos tornar [&hellip;]<\/p>\n","protected":false},"author":1,"featured_media":0,"parent":0,"menu_order":0,"comment_status":"closed","ping_status":"closed","template":"","meta":[],"_links":{"self":[{"href":"http:\/\/prupeprabrincar.com.br\/site\/wp-json\/wp\/v2\/pages\/3114"}],"collection":[{"href":"http:\/\/prupeprabrincar.com.br\/site\/wp-json\/wp\/v2\/pages"}],"about":[{"href":"http:\/\/prupeprabrincar.com.br\/site\/wp-json\/wp\/v2\/types\/page"}],"author":[{"embeddable":true,"href":"http:\/\/prupeprabrincar.com.br\/site\/wp-json\/wp\/v2\/users\/1"}],"replies":[{"embeddable":true,"href":"http:\/\/prupeprabrincar.com.br\/site\/wp-json\/wp\/v2\/comments?post=3114"}],"version-history":[{"count":12,"href":"http:\/\/prupeprabrincar.com.br\/site\/wp-json\/wp\/v2\/pages\/3114\/revisions"}],"predecessor-version":[{"id":3168,"href":"http:\/\/prupeprabrincar.com.br\/site\/wp-json\/wp\/v2\/pages\/3114\/revisions\/3168"}],"wp:attachment":[{"href":"http:\/\/prupeprabrincar.com.br\/site\/wp-json\/wp\/v2\/media?parent=3114"}],"curies":[{"name":"wp","href":"https:\/\/api.w.org\/{rel}","templated":true}]}}